{"id":5212,"date":"2021-08-25T07:26:28","date_gmt":"2021-08-25T07:26:28","guid":{"rendered":"http:\/\/dummy.xtemos.com\/woodmart2\/?page_id=5212"},"modified":"2024-01-22T13:30:57","modified_gmt":"2024-01-22T13:30:57","slug":"about-us-3","status":"publish","type":"page","link":"https:\/\/baltictour.md\/ro\/about-us-3\/","title":{"rendered":"Despre noi"},"content":{"rendered":"<section class=\"wpb-content-wrapper\"><p>[vc_row css=&#8221;.vc_custom_1629877038080{margin-bottom: 40px !important;}&#8221; mobile_bg_img_hidden=&#8221;no&#8221; tablet_bg_img_hidden=&#8221;no&#8221; woodmart_parallax=&#8221;0&#8243; woodmart_gradient_switch=&#8221;no&#8221; row_reverse_mobile=&#8221;1&#8243; row_reverse_tablet=&#8221;1&#8243; woodmart_disable_overflow=&#8221;0&#8243; wd_z_index=&#8221;no&#8221; woodmart_css_id=&#8221;6125f32826e3d&#8221; responsive_spacing=&#8221;eyJwYXJhbV90eXBlIjoid29vZG1hcnRfcmVzcG9uc2l2ZV9zcGFjaW5nIiwic2VsZWN0b3JfaWQiOiI2MTI1ZjMyODI2ZTNkIiwic2hvcnRjb2RlIjoidmNfcm93IiwiZGF0YSI6eyJ0YWJsZXQiOnt9LCJtb2JpbGUiOnsibWFyZ2luLWJvdHRvbSI6IjIwIn19fQ==&#8221;][vc_column][vc_empty_space height=&#8221;100px&#8221; woodmart_hide_large=&#8221;0&#8243; woodmart_hide_medium=&#8221;0&#8243; woodmart_hide_small=&#8221;0&#8243;][\/vc_column][vc_column css=&#8221;.vc_custom_1629877010833{margin-bottom: 40px !important;padding-top: 0px !important;}&#8221; mobile_bg_img_hidden=&#8221;no&#8221; tablet_bg_img_hidden=&#8221;no&#8221; woodmart_parallax=&#8221;0&#8243; woodmart_sticky_column=&#8221;false&#8221; parallax_scroll=&#8221;no&#8221; mobile_reset_margin=&#8221;no&#8221; tablet_reset_margin=&#8221;no&#8221; offset=&#8221;vc_col-lg-6 vc_col-md-6&#8243; wd_z_index=&#8221;no&#8221; woodmart_css_id=&#8221;6125f30edad72&#8243; responsive_spacing=&#8221;eyJwYXJhbV90eXBlIjoid29vZG1hcnRfcmVzcG9uc2l2ZV9zcGFjaW5nIiwic2VsZWN0b3JfaWQiOiI2MTI1ZjMwZWRhZDcyIiwic2hvcnRjb2RlIjoidmNfY29sdW1uIiwiZGF0YSI6eyJ0YWJsZXQiOnt9LCJtb2JpbGUiOnt9fX0=&#8221;]\t\t<div id=\"wd-64b7de6458d34\" data-parallax='{\"y\":\"-80\",\"smoothness\":\"30\"}' class=\"wd-image wd-wpb wd-rs-64b7de6458d34 text-left vc_custom_1689771660112\">\n\t\t\t\n\t\t\t<img loading=\"lazy\" decoding=\"async\" width=\"2919\" height=\"2919\" src=\"https:\/\/baltictour.md\/wp-content\/uploads\/2023\/07\/Frame-94.png\" class=\"attachment-full\" alt=\"\" title=\"Frame 94\" srcset=\"https:\/\/baltictour.md\/wp-content\/uploads\/2023\/07\/Frame-94.png 2919w, https:\/\/baltictour.md\/wp-content\/uploads\/2023\/07\/Frame-94-300x300.png 300w, https:\/\/baltictour.md\/wp-content\/uploads\/2023\/07\/Frame-94-800x800.png 800w, https:\/\/baltictour.md\/wp-content\/uploads\/2023\/07\/Frame-94-150x150.png 150w, https:\/\/baltictour.md\/wp-content\/uploads\/2023\/07\/Frame-94-768x768.png 768w, https:\/\/baltictour.md\/wp-content\/uploads\/2023\/07\/Frame-94-1536x1536.png 1536w, https:\/\/baltictour.md\/wp-content\/uploads\/2023\/07\/Frame-94-2048x2048.png 2048w\" sizes=\"(max-width: 2919px) 100vw, 2919px\" \/>\n\t\t\t\t\t<\/div>\n\t\t[\/vc_column][vc_column css=&#8221;.vc_custom_1629877027060{margin-bottom: 40px !important;padding-top: 40px !important;}&#8221; mobile_bg_img_hidden=&#8221;no&#8221; tablet_bg_img_hidden=&#8221;no&#8221; woodmart_parallax=&#8221;0&#8243; woodmart_sticky_column=&#8221;false&#8221; parallax_scroll=&#8221;no&#8221; mobile_reset_margin=&#8221;no&#8221; tablet_reset_margin=&#8221;no&#8221; offset=&#8221;vc_col-lg-offset-1 vc_col-lg-5 vc_col-md-6 vc_col-xs-12&#8243; wd_z_index=&#8221;no&#8221; woodmart_css_id=&#8221;6125f320eb687&#8243; responsive_spacing=&#8221;eyJwYXJhbV90eXBlIjoid29vZG1hcnRfcmVzcG9uc2l2ZV9zcGFjaW5nIiwic2VsZWN0b3JfaWQiOiI2MTI1ZjMyMGViNjg3Iiwic2hvcnRjb2RlIjoidmNfY29sdW1uIiwiZGF0YSI6eyJ0YWJsZXQiOnt9LCJtb2JpbGUiOnsicGFkZGluZy10b3AiOiIwIn19fQ==&#8221;]\t\t\t<link rel=\"stylesheet\" id=\"wd-section-title-css\" href=\"https:\/\/baltictour.md\/wp-content\/themes\/flyup.md\/woodmart\/css\/parts\/el-section-title.min.css?ver=7.1.4\" type=\"text\/css\" media=\"all\" \/> \t\t\t\t\t\t<link rel=\"stylesheet\" id=\"wd-mod-highlighted-text-css\" href=\"https:\/\/baltictour.md\/wp-content\/themes\/flyup.md\/woodmart\/css\/parts\/mod-highlighted-text.min.css?ver=7.1.4\" type=\"text\/css\" media=\"all\" \/> \t\t\t\n\t\t<div id=\"wd-65a64ff3ae678\" class=\"title-wrapper wd-wpb set-mb-s reset-last-child  wd-rs-65a64ff3ae678 wd-title-color-primary wd-title-style-default text-left vc_custom_1705398268740 wd-underline-colored\">\n\t\t\t\n\t\t\t<div class=\"liner-continer\">\n\t\t\t\t<h4 class=\"woodmart-title-container title  wd-font-weight- wd-fontsize-xxl\" >Servicii de transport pasageri<\/h4>\n\t\t\t\t\t\t\t<\/div>\n\t\t\t\n\t\t\t\t\t\t\t<div class=\"title-after_title  set-cont-mb-s reset-last-child  wd-fontsize-s\">Baltic-Tour v\u0103 aduce o experien\u021b\u0103 deosebit\u0103 de c\u0103l\u0103torie \u00een cinci \u021b\u0103ri fascinante: Polonia, Lituania, Letonia, Estonia \u0219i Finlanda. Cu un serviciu de transport de pasageri interna\u021bional la standarde \u00eenalte, v\u0103 oferim o serie de avantaje menite s\u0103 v\u0103 fac\u0103 c\u0103l\u0103toria memorabil\u0103 \u0219i confortabil\u0103.<br \/>\nAutocarele noastre moderne reprezint\u0103 un punct forte al serviciilor noastre, asigur\u00e2ndu-v\u0103 nu doar confort, ci \u0219i siguran\u021b\u0103 pe tot parcursul c\u0103l\u0103toriei. Acestea sunt echipate cu aer condi\u021bionat, garant\u00e2nd un ambient pl\u0103cut, indiferent de condi\u021biile meteo exterioare.<\/div>\n\t\t\t\n\t\t\t\n\t\t<\/div>\n\t\t\n\t\t[vc_separator color=&#8221;custom&#8221; accent_color=&#8221;rgba(10,10,10,0.12)&#8221; css=&#8221;.vc_custom_1615616514122{margin-bottom: 20px !important;padding-top: 10px !important;}&#8221;][\/vc_column][\/vc_row][vc_section full_width=&#8221;stretch_row&#8221; css=&#8221;.vc_custom_1704457308340{margin-bottom: 80px !important;padding-top: 80px !important;padding-bottom: 40px !important;background: #0f0f0f url(https:\/\/baltictour.md\/wp-content\/uploads\/2024\/01\/image_2024-01-05_11-59-4412.png?id=8222) !important;background-position: center !important;background-repeat: no-repeat !important;background-size: cover !important;}&#8221; mobile_bg_img_hidden=&#8221;no&#8221; tablet_bg_img_hidden=&#8221;no&#8221; woodmart_parallax=&#8221;0&#8243; woodmart_gradient_switch=&#8221;no&#8221; woodmart_disable_overflow=&#8221;0&#8243; wd_z_index=&#8221;no&#8221; woodmart_css_id=&#8221;6597f44b6b0d3&#8243; responsive_spacing=&#8221;eyJwYXJhbV90eXBlIjoid29vZG1hcnRfcmVzcG9uc2l2ZV9zcGFjaW5nIiwic2VsZWN0b3JfaWQiOiI2NTk3ZjQ0YjZiMGQzIiwic2hvcnRjb2RlIjoidmNfc2VjdGlvbiIsImRhdGEiOnsidGFibGV0Ijp7fSwibW9iaWxlIjp7Im1hcmdpbi1ib3R0b20iOiI2MHB4IiwicGFkZGluZy10b3AiOiI2MHB4IiwicGFkZGluZy1ib3R0b20iOiIyMHB4In19fQ==&#8221; woodmart_box_shadow=&#8221;no&#8221;][vc_row equal_height=&#8221;yes&#8221; content_placement=&#8221;middle&#8221; css=&#8221;.vc_custom_1615814278162{margin-right: -15px !important;margin-left: -15px !important;}&#8221; mobile_bg_img_hidden=&#8221;no&#8221; tablet_bg_img_hidden=&#8221;no&#8221; woodmart_parallax=&#8221;0&#8243; woodmart_gradient_switch=&#8221;no&#8221; row_reverse_mobile=&#8221;0&#8243; row_reverse_tablet=&#8221;0&#8243; woodmart_disable_overflow=&#8221;0&#8243;][vc_column width=&#8221;1\/2&#8243; woodmart_color_scheme=&#8221;light&#8221; css=&#8221;.vc_custom_1629877084287{margin-bottom: 40px !important;padding-top: 10px !important;padding-right: 30px !important;padding-bottom: 10px !important;padding-left: 30px !important;}&#8221; mobile_bg_img_hidden=&#8221;no&#8221; tablet_bg_img_hidden=&#8221;no&#8221; woodmart_parallax=&#8221;0&#8243; woodmart_sticky_column=&#8221;false&#8221; parallax_scroll=&#8221;no&#8221; mobile_reset_margin=&#8221;no&#8221; tablet_reset_margin=&#8221;no&#8221; wd_z_index=&#8221;no&#8221; woodmart_css_id=&#8221;6125f35912e56&#8243; responsive_spacing=&#8221;eyJwYXJhbV90eXBlIjoid29vZG1hcnRfcmVzcG9uc2l2ZV9zcGFjaW5nIiwic2VsZWN0b3JfaWQiOiI2MTI1ZjM1OTEyZTU2Iiwic2hvcnRjb2RlIjoidmNfY29sdW1uIiwiZGF0YSI6eyJ0YWJsZXQiOnt9LCJtb2JpbGUiOnt9fX0=&#8221;]\n\t\t<div id=\"wd-65a64d8d1d381\" class=\"title-wrapper wd-wpb set-mb-s reset-last-child  wd-rs-65a64d8d1d381 wd-title-color-primary wd-title-style-default text-left vc_custom_1705397671437 wd-width-enabled wd-underline-colored\" style=\"--wd-max-width: 90%;\">\n\t\t\t\n\t\t\t<div class=\"liner-continer\">\n\t\t\t\t<h4 class=\"woodmart-title-container title  wd-font-weight- wd-fontsize-xxl\" >SERVICII DE TRANSPORT PERSOANE DE LA COMPANIA DE TRANSPORT TRANSPORTPERSOANE<\/h4>\n\t\t\t\t\t\t\t<\/div>\n\t\t\t\n\t\t\t\t\t\t\t<div class=\"title-after_title  set-cont-mb-s reset-last-child  wd-fontsize-s\">BalticTour ofer\u0103 servicii de transport confortabil \u0219i sigur c\u0103tre Letonia, Estonia \u0219i Finlanda. Descoperi\u021bi frumuse\u021bea \u021b\u0103rilor baltice al\u0103turi de noi! Rezerva\u021bi acum pentru o c\u0103l\u0103torie plin\u0103 de experien\u021be unice!<\/div>\n\t\t\t\n\t\t\t\n\t\t<\/div>\n\t\t\n\t\t<div id=\"wd-64e6f7fde98b4\" class=\" wd-rs-64e6f7fde98b4  wd-button-wrapper text-center inline-element\"><a href=\"\/contact-us\/\" title=\"\" class=\"btn btn-color-white btn-style-link btn-style-rectangle btn-size-default\">COMANDATI UN APEL<\/a><\/div>[\/vc_column][vc_column width=&#8221;1\/2&#8243; css=&#8221;.vc_custom_1629877079783{margin-bottom: 40px !important;padding-top: 10px !important;padding-right: 15px !important;padding-bottom: 10px !important;padding-left: 15px !important;}&#8221; mobile_bg_img_hidden=&#8221;no&#8221; tablet_bg_img_hidden=&#8221;no&#8221; woodmart_parallax=&#8221;0&#8243; woodmart_sticky_column=&#8221;false&#8221; parallax_scroll=&#8221;no&#8221; mobile_reset_margin=&#8221;no&#8221; tablet_reset_margin=&#8221;no&#8221; wd_z_index=&#8221;no&#8221; woodmart_css_id=&#8221;6125f353ede07&#8243; responsive_spacing=&#8221;eyJwYXJhbV90eXBlIjoid29vZG1hcnRfcmVzcG9uc2l2ZV9zcGFjaW5nIiwic2VsZWN0b3JfaWQiOiI2MTI1ZjM1M2VkZTA3Iiwic2hvcnRjb2RlIjoidmNfY29sdW1uIiwiZGF0YSI6eyJ0YWJsZXQiOnt9LCJtb2JpbGUiOnt9fX0=&#8221;][vc_row_inner equal_height=&#8221;yes&#8221; css=&#8221;.vc_custom_1615814565315{margin-right: 0px !important;margin-left: 0px !important;border-bottom-width: 1px !important;border-bottom-color: rgba(255,255,255,0.3) !important;border-bottom-style: solid !important;}&#8221; row_reverse_mobile=&#8221;0&#8243; row_reverse_tablet=&#8221;0&#8243;][vc_column_inner width=&#8221;1\/2&#8243; css=&#8221;.vc_custom_1499604113587{border-right-width: 1px !important;padding-top: 35px !important;border-right-color: rgba(255,255,255,0.3) !important;border-right-style: solid !important;}&#8221; offset=&#8221;vc_col-xs-6&#8243;]\t\t\t<link rel=\"stylesheet\" id=\"wd-counter-css\" href=\"https:\/\/baltictour.md\/wp-content\/themes\/flyup.md\/woodmart\/css\/parts\/el-counter.min.css?ver=7.1.4\" type=\"text\/css\" media=\"all\" \/> \t\t\t\t\t\t<div class=\"woodmart-counter wd-wpb  wd-rs-64e6f86c20209 counter-large text-center color-scheme-light \" id=\"wd-64e6f86c20209\">\n\t\t\t\t<div class=\"counter-value wd-font-weight-600\" data-state=\"new\" data-final=\"8 590\">8 590<\/div>\n\t\t\t\t\t\t\t\t\t<div class=\"counter-label\">Clienti multumiti<\/div>\n\t\t\t\t\t\t\t\t\t\t\t<\/div>\n\n\t\t[\/vc_column_inner][vc_column_inner width=&#8221;1\/2&#8243; css=&#8221;.vc_custom_1499604100036{padding-top: 35px !important;}&#8221; offset=&#8221;vc_col-xs-6&#8243;]\t\t\t<div class=\"woodmart-counter wd-wpb  wd-rs-64e6f87ba28f9 counter-large text-center color-scheme-light \" id=\"wd-64e6f87ba28f9\">\n\t\t\t\t<div class=\"counter-value wd-font-weight-600\" data-state=\"new\" data-final=\"18\">18<\/div>\n\t\t\t\t\t\t\t\t\t<div class=\"counter-label\">De unitati de transport<\/div>\n\t\t\t\t\t\t\t\t\t\t\t<\/div>\n\n\t\t[\/vc_column_inner][\/vc_row_inner][vc_row_inner css=&#8221;.vc_custom_1499603294997{margin-right: 0px !important;margin-left: 0px !important;border-bottom-width: 1px !important;border-bottom-color: rgba(255,255,255,0.3) !important;border-bottom-style: solid !important;}&#8221;][vc_column_inner width=&#8221;1\/2&#8243; css=&#8221;.vc_custom_1499604519781{border-right-width: 1px !important;padding-top: 35px !important;border-right-color: rgba(255,255,255,0.3) !important;border-right-style: solid !important;}&#8221; offset=&#8221;vc_col-xs-6&#8243;]\t\t\t<div class=\"woodmart-counter wd-wpb  wd-rs-64e6f887ce93a counter-large text-center color-scheme-light \" id=\"wd-64e6f887ce93a\">\n\t\t\t\t<div class=\"counter-value wd-font-weight-600\" data-state=\"new\" data-final=\"820 000\">820 000<\/div>\n\t\t\t\t\t\t\t\t\t<div class=\"counter-label\">De km efectuati<\/div>\n\t\t\t\t\t\t\t\t\t\t\t<\/div>\n\n\t\t[\/vc_column_inner][vc_column_inner width=&#8221;1\/2&#8243; css=&#8221;.vc_custom_1499604526470{padding-top: 35px !important;}&#8221; offset=&#8221;vc_col-xs-6&#8243;]\t\t\t<div class=\"woodmart-counter wd-wpb  wd-rs-64e6f89906e1d counter-large text-center color-scheme-light \" id=\"wd-64e6f89906e1d\">\n\t\t\t\t<div class=\"counter-value wd-font-weight-600\" data-state=\"new\" data-final=\"290 000\">290 000<\/div>\n\t\t\t\t\t\t\t\t\t<div class=\"counter-label\">De colete trimise<\/div>\n\t\t\t\t\t\t\t\t\t\t\t<\/div>\n\n\t\t[\/vc_column_inner][\/vc_row_inner][vc_row_inner css=&#8221;.vc_custom_1499603310379{margin-right: 0px !important;margin-left: 0px !important;}&#8221;][vc_column_inner width=&#8221;1\/2&#8243; css=&#8221;.vc_custom_1499604535206{border-right-width: 1px !important;padding-top: 35px !important;border-right-color: rgba(255,255,255,0.3) !important;border-right-style: solid !important;}&#8221; offset=&#8221;vc_col-xs-6&#8243;]\t\t\t<div class=\"woodmart-counter wd-wpb  wd-rs-6597f4bd79021 counter-large text-center color-scheme-light \" id=\"wd-6597f4bd79021\">\n\t\t\t\t<div class=\"counter-value wd-font-weight-600\" data-state=\"new\" data-final=\"21+\">21+<\/div>\n\t\t\t\t\t\t\t\t\t<div class=\"counter-label\">PERSONAL DIN COMPANIE<\/div>\n\t\t\t\t\t\t\t\t\t\t\t<\/div>\n\n\t\t[\/vc_column_inner][vc_column_inner width=&#8221;1\/2&#8243; css=&#8221;.vc_custom_1499604548790{padding-top: 35px !important;}&#8221; offset=&#8221;vc_col-xs-6&#8243;]\t\t\t<div class=\"woodmart-counter wd-wpb  wd-rs-6597f4a9c152b counter-large text-center color-scheme-light \" id=\"wd-6597f4a9c152b\">\n\t\t\t\t<div class=\"counter-value wd-font-weight-600\" data-state=\"new\" data-final=\"750\">750<\/div>\n\t\t\t\t\t\t\t\t\t<div class=\"counter-label\">COLETE EXPEDIATE<\/div>\n\t\t\t\t\t\t\t\t\t\t\t<\/div>\n\n\t\t[\/vc_column_inner][\/vc_row_inner][\/vc_column][\/vc_row][\/vc_section][vc_row][vc_column width=&#8221;1\/2&#8243; css=&#8221;.vc_custom_1615617895716{padding-top: 0px !important;}&#8221; mobile_bg_img_hidden=&#8221;no&#8221; tablet_bg_img_hidden=&#8221;no&#8221; woodmart_parallax=&#8221;0&#8243; woodmart_sticky_column=&#8221;false&#8221; parallax_scroll=&#8221;no&#8221; mobile_reset_margin=&#8221;no&#8221; tablet_reset_margin=&#8221;no&#8221;][vc_video link=&#8221;http:\/\/#&#8221; poster_image=&#8221;8239&#8243; image_poster_switch=&#8221;yes&#8221; img_size=&#8221;full&#8221; woodmart_css_id=&#8221;65a0f5bdb511a&#8221;]\n\t\t<div id=\"wd-64e6fae57a5d8\" class=\"title-wrapper wd-wpb set-mb-s reset-last-child  wd-rs-64e6fae57a5d8 wd-title-color-default wd-title-style-default text-left vc_custom_1692859114100 wd-underline-colored\">\n\t\t\t\n\t\t\t<div class=\"liner-continer\">\n\t\t\t\t<h4 class=\"woodmart-title-container title  wd-font-weight- wd-fontsize-l\" >Servicii de transport marfa in Europa<\/h4>\n\t\t\t\t\t\t\t<\/div>\n\t\t\t\n\t\t\t\n\t\t\t\n\t\t<\/div>\n\t\t\n\t\t\t\t\t<link rel=\"stylesheet\" id=\"wd-text-block-css\" href=\"https:\/\/baltictour.md\/wp-content\/themes\/flyup.md\/woodmart\/css\/parts\/el-text-block.min.css?ver=7.1.4\" type=\"text\/css\" media=\"all\" \/> \t\t\t\t\t<div id=\"wd-64e6fafaa803b\" class=\"wd-text-block wd-wpb reset-last-child wd-rs-64e6fafaa803b text-left wd-width-custom wd-fontsize-s \">\n\t\t\t<p><em>Compania internationale transport \u201dTransport Persoane\u201d este o echip\u0103 de profesioni\u0219ti \u00een sfera organiz\u0103rii transporturilor \u00een Europa. <\/em><\/p>\n\t\t<\/div>\n\t\t[\/vc_column][vc_column width=&#8221;1\/2&#8243; css=&#8221;.vc_custom_1629877093976{padding-top: 0px !important;}&#8221; mobile_bg_img_hidden=&#8221;no&#8221; tablet_bg_img_hidden=&#8221;no&#8221; woodmart_parallax=&#8221;0&#8243; woodmart_sticky_column=&#8221;false&#8221; parallax_scroll=&#8221;no&#8221; mobile_reset_margin=&#8221;no&#8221; tablet_reset_margin=&#8221;no&#8221; wd_z_index=&#8221;no&#8221; woodmart_css_id=&#8221;6125f363cf509&#8243; responsive_spacing=&#8221;eyJwYXJhbV90eXBlIjoid29vZG1hcnRfcmVzcG9uc2l2ZV9zcGFjaW5nIiwic2VsZWN0b3JfaWQiOiI2MTI1ZjM2M2NmNTA5Iiwic2hvcnRjb2RlIjoidmNfY29sdW1uIiwiZGF0YSI6eyJ0YWJsZXQiOnt9LCJtb2JpbGUiOnt9fX0=&#8221;][vc_video link=&#8221;http:\/\/#&#8221; poster_image=&#8221;8241&#8243; image_poster_switch=&#8221;yes&#8221; img_size=&#8221;full&#8221; woodmart_css_id=&#8221;65a0f5db435cf&#8221;]\n\t\t<div id=\"wd-64e6fb2402de6\" class=\"title-wrapper wd-wpb set-mb-s reset-last-child  wd-rs-64e6fb2402de6 wd-title-color-default wd-title-style-default text-left vc_custom_1692859204910 wd-underline-colored\">\n\t\t\t\n\t\t\t<div class=\"liner-continer\">\n\t\t\t\t<h4 class=\"woodmart-title-container title  wd-font-weight- wd-fontsize-l\" >Clien\u021bii no\u0219tri de servicii transport marfa<\/h4>\n\t\t\t\t\t\t\t<\/div>\n\t\t\t\n\t\t\t\n\t\t\t\n\t\t<\/div>\n\t\t\n\t\t\t\t<div id=\"wd-64e6fb4725ce8\" class=\"wd-text-block wd-wpb reset-last-child wd-rs-64e6fb4725ce8 text-left wd-width-custom wd-fontsize-s \">\n\t\t\t<p><em>Compania noastr\u0103 de transport se ocup\u0103 de transport international de marfuri \u0219i pasageri la comanda organiza\u021biilor mari \u0219i a \u00eentreprinderilor mici, a persoanelor fizice \u0219i juridice.<\/em><\/p>\n\t\t<\/div>\n\t\t[\/vc_column][\/vc_row]<\/p>\n<\/section>","protected":false},"excerpt":{"rendered":"<p>[vc_row css=&#8221;.vc_custom_1629877038080{margin-bottom: 40px !important;}&#8221; mobile_bg_img_hidden=&#8221;no&#8221; tablet_bg_img_hidden=&#8221;no&#8221; woodmart_parallax=&#8221;0&#8243; woodmart_gradient_switch=&#8221;no&#8221; row_reverse_mobile=&#8221;1&#8243; row_reverse_tablet=&#8221;1&#8243; woodmart_disable_overflow=&#8221;0&#8243; wd_z_index=&#8221;no&#8221; woodmart_css_id=&#8221;6125f32826e3d&#8221; responsive_spacing=&#8221;eyJwYXJhbV90eXBlIjoid29vZG1hcnRfcmVzcG9uc2l2ZV9zcGFjaW5nIiwic2VsZWN0b3JfaWQiOiI2MTI1ZjMyODI2ZTNkIiwic2hvcnRjb2RlIjoidmNfcm93IiwiZGF0YSI6eyJ0YWJsZXQiOnt9LCJtb2JpbGUiOnsibWFyZ2luLWJvdHRvbSI6IjIwIn19fQ==&#8221;][vc_column][vc_empty_space height=&#8221;100px&#8221; woodmart_hide_large=&#8221;0&#8243; woodmart_hide_medium=&#8221;0&#8243; woodmart_hide_small=&#8221;0&#8243;][\/vc_column][vc_column css=&#8221;.vc_custom_1629877010833{margin-bottom: 40px<\/p>\n","protected":false},"author":1,"featured_media":0,"parent":0,"menu_order":0,"comment_status":"closed","ping_status":"closed","template":"","meta":{"footnotes":""},"yoast_head":"<!-- This site is optimized with the Yoast SEO plugin v21.7 - https:\/\/yoast.com\/wordpress\/plugins\/seo\/ -->\n<title>Despre noi - Transport de pasageri<\/title>\n<meta name=\"robots\" content=\"index, follow, max-snippet:-1, max-image-preview:large, max-video-preview:-1\" \/>\n<link rel=\"canonical\" href=\"https:\/\/baltictour.md\/ro\/about-us-3\/\" \/>\n<meta property=\"og:locale\" content=\"ro_RO\" \/>\n<meta property=\"og:type\" content=\"article\" \/>\n<meta property=\"og:title\" content=\"Despre noi - Transport de pasageri\" \/>\n<meta property=\"og:description\" content=\"[vc_row css=&#8221;.vc_custom_1629877038080{margin-bottom: 40px !important;}&#8221; mobile_bg_img_hidden=&#8221;no&#8221; tablet_bg_img_hidden=&#8221;no&#8221; woodmart_parallax=&#8221;0&#8243; woodmart_gradient_switch=&#8221;no&#8221; row_reverse_mobile=&#8221;1&#8243; row_reverse_tablet=&#8221;1&#8243; woodmart_disable_overflow=&#8221;0&#8243; wd_z_index=&#8221;no&#8221; woodmart_css_id=&#8221;6125f32826e3d&#8221; responsive_spacing=&#8221;eyJwYXJhbV90eXBlIjoid29vZG1hcnRfcmVzcG9uc2l2ZV9zcGFjaW5nIiwic2VsZWN0b3JfaWQiOiI2MTI1ZjMyODI2ZTNkIiwic2hvcnRjb2RlIjoidmNfcm93IiwiZGF0YSI6eyJ0YWJsZXQiOnt9LCJtb2JpbGUiOnsibWFyZ2luLWJvdHRvbSI6IjIwIn19fQ==&#8221;][vc_column][vc_empty_space height=&#8221;100px&#8221; woodmart_hide_large=&#8221;0&#8243; woodmart_hide_medium=&#8221;0&#8243; woodmart_hide_small=&#8221;0&#8243;][\/vc_column][vc_column css=&#8221;.vc_custom_1629877010833{margin-bottom: 40px\" \/>\n<meta property=\"og:url\" content=\"https:\/\/baltictour.md\/ro\/about-us-3\/\" \/>\n<meta property=\"og:site_name\" content=\"Transport de pasageri\" \/>\n<meta property=\"article:modified_time\" content=\"2024-01-22T13:30:57+00:00\" \/>\n<meta name=\"twitter:card\" content=\"summary_large_image\" \/>\n<meta name=\"twitter:label1\" content=\"Timp estimat pentru citire\" \/>\n\t<meta name=\"twitter:data1\" content=\"4 minute\" \/>\n<script type=\"application\/ld+json\" class=\"yoast-schema-graph\">{\"@context\":\"https:\/\/schema.org\",\"@graph\":[{\"@type\":\"WebPage\",\"@id\":\"https:\/\/baltictour.md\/ro\/about-us-3\/\",\"url\":\"https:\/\/baltictour.md\/ro\/about-us-3\/\",\"name\":\"Despre noi - Transport de pasageri\",\"isPartOf\":{\"@id\":\"https:\/\/baltictour.md\/ro\/#website\"},\"datePublished\":\"2021-08-25T07:26:28+00:00\",\"dateModified\":\"2024-01-22T13:30:57+00:00\",\"breadcrumb\":{\"@id\":\"https:\/\/baltictour.md\/ro\/about-us-3\/#breadcrumb\"},\"inLanguage\":\"ro-RO\",\"potentialAction\":[{\"@type\":\"ReadAction\",\"target\":[\"https:\/\/baltictour.md\/ro\/about-us-3\/\"]}]},{\"@type\":\"BreadcrumbList\",\"@id\":\"https:\/\/baltictour.md\/ro\/about-us-3\/#breadcrumb\",\"itemListElement\":[{\"@type\":\"ListItem\",\"position\":1,\"name\":\"Prima pagin\u0103\",\"item\":\"https:\/\/baltictour.md\/ro\/\"},{\"@type\":\"ListItem\",\"position\":2,\"name\":\"Despre noi\"}]},{\"@type\":\"WebSite\",\"@id\":\"https:\/\/baltictour.md\/ro\/#website\",\"url\":\"https:\/\/baltictour.md\/ro\/\",\"name\":\"Transport de pasageri\",\"description\":\"Transport de pasageri si coletem, Finlandia, Estonia, Latvia, Lituania.\",\"potentialAction\":[{\"@type\":\"SearchAction\",\"target\":{\"@type\":\"EntryPoint\",\"urlTemplate\":\"https:\/\/baltictour.md\/ro\/?s={search_term_string}\"},\"query-input\":\"required name=search_term_string\"}],\"inLanguage\":\"ro-RO\"}]}<\/script>\n<!-- \/ Yoast SEO plugin. -->","yoast_head_json":{"title":"Despre noi - Transport de pasageri","robots":{"index":"index","follow":"follow","max-snippet":"max-snippet:-1","max-image-preview":"max-image-preview:large","max-video-preview":"max-video-preview:-1"},"canonical":"https:\/\/baltictour.md\/ro\/about-us-3\/","og_locale":"ro_RO","og_type":"article","og_title":"Despre noi - Transport de pasageri","og_description":"[vc_row css=&#8221;.vc_custom_1629877038080{margin-bottom: 40px !important;}&#8221; mobile_bg_img_hidden=&#8221;no&#8221; tablet_bg_img_hidden=&#8221;no&#8221; woodmart_parallax=&#8221;0&#8243; woodmart_gradient_switch=&#8221;no&#8221; row_reverse_mobile=&#8221;1&#8243; row_reverse_tablet=&#8221;1&#8243; woodmart_disable_overflow=&#8221;0&#8243; wd_z_index=&#8221;no&#8221; woodmart_css_id=&#8221;6125f32826e3d&#8221; responsive_spacing=&#8221;eyJwYXJhbV90eXBlIjoid29vZG1hcnRfcmVzcG9uc2l2ZV9zcGFjaW5nIiwic2VsZWN0b3JfaWQiOiI2MTI1ZjMyODI2ZTNkIiwic2hvcnRjb2RlIjoidmNfcm93IiwiZGF0YSI6eyJ0YWJsZXQiOnt9LCJtb2JpbGUiOnsibWFyZ2luLWJvdHRvbSI6IjIwIn19fQ==&#8221;][vc_column][vc_empty_space height=&#8221;100px&#8221; woodmart_hide_large=&#8221;0&#8243; woodmart_hide_medium=&#8221;0&#8243; woodmart_hide_small=&#8221;0&#8243;][\/vc_column][vc_column css=&#8221;.vc_custom_1629877010833{margin-bottom: 40px","og_url":"https:\/\/baltictour.md\/ro\/about-us-3\/","og_site_name":"Transport de pasageri","article_modified_time":"2024-01-22T13:30:57+00:00","twitter_card":"summary_large_image","twitter_misc":{"Timp estimat pentru citire":"4 minute"},"schema":{"@context":"https:\/\/schema.org","@graph":[{"@type":"WebPage","@id":"https:\/\/baltictour.md\/ro\/about-us-3\/","url":"https:\/\/baltictour.md\/ro\/about-us-3\/","name":"Despre noi - Transport de pasageri","isPartOf":{"@id":"https:\/\/baltictour.md\/ro\/#website"},"datePublished":"2021-08-25T07:26:28+00:00","dateModified":"2024-01-22T13:30:57+00:00","breadcrumb":{"@id":"https:\/\/baltictour.md\/ro\/about-us-3\/#breadcrumb"},"inLanguage":"ro-RO","potentialAction":[{"@type":"ReadAction","target":["https:\/\/baltictour.md\/ro\/about-us-3\/"]}]},{"@type":"BreadcrumbList","@id":"https:\/\/baltictour.md\/ro\/about-us-3\/#breadcrumb","itemListElement":[{"@type":"ListItem","position":1,"name":"Prima pagin\u0103","item":"https:\/\/baltictour.md\/ro\/"},{"@type":"ListItem","position":2,"name":"Despre noi"}]},{"@type":"WebSite","@id":"https:\/\/baltictour.md\/ro\/#website","url":"https:\/\/baltictour.md\/ro\/","name":"Transport de pasageri","description":"Transport de pasageri si coletem, Finlandia, Estonia, Latvia, Lituania.","potentialAction":[{"@type":"SearchAction","target":{"@type":"EntryPoint","urlTemplate":"https:\/\/baltictour.md\/ro\/?s={search_term_string}"},"query-input":"required name=search_term_string"}],"inLanguage":"ro-RO"}]}},"_links":{"self":[{"href":"https:\/\/baltictour.md\/ro\/wp-json\/wp\/v2\/pages\/5212"}],"collection":[{"href":"https:\/\/baltictour.md\/ro\/wp-json\/wp\/v2\/pages"}],"about":[{"href":"https:\/\/baltictour.md\/ro\/wp-json\/wp\/v2\/types\/page"}],"author":[{"embeddable":true,"href":"https:\/\/baltictour.md\/ro\/wp-json\/wp\/v2\/users\/1"}],"replies":[{"embeddable":true,"href":"https:\/\/baltictour.md\/ro\/wp-json\/wp\/v2\/comments?post=5212"}],"version-history":[{"count":7,"href":"https:\/\/baltictour.md\/ro\/wp-json\/wp\/v2\/pages\/5212\/revisions"}],"predecessor-version":[{"id":8538,"href":"https:\/\/baltictour.md\/ro\/wp-json\/wp\/v2\/pages\/5212\/revisions\/8538"}],"wp:attachment":[{"href":"https:\/\/baltictour.md\/ro\/wp-json\/wp\/v2\/media?parent=5212"}],"curies":[{"name":"wp","href":"https:\/\/api.w.org\/{rel}","templated":true}]}}